{"id":3400,"date":"2019-02-16T14:41:12","date_gmt":"2019-02-16T19:41:12","guid":{"rendered":"https:\/\/tagsdeals.com\/?post_type=product&#038;p=3400"},"modified":"2024-06-06T13:22:04","modified_gmt":"2024-06-06T17:22:04","slug":"ok3","status":"publish","type":"product","link":"https:\/\/tagsdeals.com\/homepage\/product\/ok3\/","title":{"rendered":"OK3"},"content":{"rendered":"<p><div class=\"fusion-fullwidth fullwidth-box fusion-builder-row-1 nonhundred-percent-fullwidth non-hundred-percent-height-scrolling\" style=\"--awb-border-radius-top-left:0px;--awb-border-radius-top-right:0px;--awb-border-radius-bottom-right:0px;--awb-border-radius-bottom-left:0px;--awb-flex-wrap:wrap;\" ><div class=\"fusion-builder-row fusion-row\"><div class=\"fusion-layout-column fusion_builder_column fusion-builder-column-0 fusion_builder_column_1_1 1_1 fusion-one-full fusion-column-first fusion-column-last\" style=\"--awb-bg-size:cover;\"><div class=\"fusion-column-wrapper fusion-flex-column-wrapper-legacy\"><div class=\"fusion-title title fusion-title-1 fusion-title-center fusion-title-text fusion-title-size-one\" style=\"--awb-sep-color:#ffff4d;\"><div class=\"title-sep-container title-sep-container-left\"><div class=\"title-sep sep-single sep-solid\" style=\"border-color:#ffff4d;\"><\/div><\/div><span class=\"awb-title-spacer\"><\/span><h1 class=\"fusion-title-heading title-heading-center\" style=\"margin:0;\">COMPATIBILIT\u00c9<\/h1><span class=\"awb-title-spacer\"><\/span><div class=\"title-sep-container title-sep-container-right\"><div class=\"title-sep sep-single sep-solid\" style=\"border-color:#ffff4d;\"><\/div><\/div><\/div><div class=\"fusion-clearfix\"><\/div><\/div><\/div><\/div><\/div><div class=\"fusion-fullwidth fullwidth-box fusion-builder-row-2 nonhundred-percent-fullwidth non-hundred-percent-height-scrolling\" style=\"--awb-border-radius-top-left:0px;--awb-border-radius-top-right:0px;--awb-border-radius-bottom-right:0px;--awb-border-radius-bottom-left:0px;--awb-flex-wrap:wrap;\" ><div class=\"fusion-builder-row fusion-row\"><div class=\"fusion-layout-column fusion_builder_column fusion-builder-column-1 fusion_builder_column_1_5 1_5 fusion-one-fifth fusion-column-first\" style=\"--awb-bg-size:cover;width:20%;width:calc(20% - ( ( 4% + 4% + 4% + 4% ) * 0.2 ) );margin-right: 4%;\"><div class=\"fusion-column-wrapper fusion-flex-column-wrapper-legacy\"><div class=\"fusion-title title fusion-title-2 fusion-title-center fusion-title-text fusion-title-size-two\" style=\"--awb-sep-color:#ffff4d;\"><div class=\"title-sep-container title-sep-container-left\"><div class=\"title-sep sep-double sep-solid\" style=\"border-color:#ffff4d;\"><\/div><\/div><span class=\"awb-title-spacer\"><\/span><h2 class=\"fusion-title-heading title-heading-center\" style=\"margin:0;\"><span style=\"color: #ffffff;\">DREAMLINK<\/span><\/h2><span class=\"awb-title-spacer\"><\/span><div class=\"title-sep-container title-sep-container-right\"><div class=\"title-sep sep-double sep-solid\" style=\"border-color:#ffff4d;\"><\/div><\/div><\/div><div class=\"fusion-image-element fusion-image-align-center in-legacy-container\" style=\"text-align:center;--awb-caption-title-font-family:var(--h2_typography-font-family);--awb-caption-title-font-weight:var(--h2_typography-font-weight);--awb-caption-title-font-style:var(--h2_typography-font-style);--awb-caption-title-size:var(--h2_typography-font-size);--awb-caption-title-transform:var(--h2_typography-text-transform);--awb-caption-title-line-height:var(--h2_typography-line-height);--awb-caption-title-letter-spacing:var(--h2_typography-letter-spacing);\"><div class=\"imageframe-align-center\"><span class=\" fusion-imageframe imageframe-dropshadow imageframe-1 hover-type-none\" style=\"border:2px solid #ffff4d;-webkit-box-shadow: 3px 3px 7px rgba(255,255,255,0.3);box-shadow: 3px 3px 7px rgba(255,255,255,0.3);\"><img decoding=\"async\" width=\"500\" height=\"500\" title=\"Dreamlink T3 box 500\" src=\"https:\/\/tagsdeals.com\/wp-content\/uploads\/2019\/02\/Dreamlink-T3-box-500.jpg\" alt class=\"img-responsive wp-image-12889\" srcset=\"https:\/\/tagsdeals.com\/wp-content\/uploads\/2019\/02\/Dreamlink-T3-box-500-200x200.jpg 200w, https:\/\/tagsdeals.com\/wp-content\/uploads\/2019\/02\/Dreamlink-T3-box-500-400x400.jpg 400w, https:\/\/tagsdeals.com\/wp-content\/uploads\/2019\/02\/Dreamlink-T3-box-500.jpg 500w\" sizes=\"(max-width: 800px) 100vw, 200px\" \/><\/span><\/div><\/div><div class=\"fusion-clearfix\"><\/div><\/div><\/div><div class=\"fusion-layout-column fusion_builder_column fusion-builder-column-2 fusion_builder_column_1_5 1_5 fusion-one-fifth\" style=\"--awb-bg-size:cover;width:20%;width:calc(20% - ( ( 4% + 4% + 4% + 4% ) * 0.2 ) );margin-right: 4%;\"><div class=\"fusion-column-wrapper fusion-flex-column-wrapper-legacy\"><div class=\"fusion-title title fusion-title-3 fusion-title-center fusion-title-text fusion-title-size-two\" style=\"--awb-sep-color:#ffff4d;\"><div class=\"title-sep-container title-sep-container-left\"><div class=\"title-sep sep-double sep-solid\" style=\"border-color:#ffff4d;\"><\/div><\/div><span class=\"awb-title-spacer\"><\/span><h2 class=\"fusion-title-heading title-heading-center\" style=\"margin:0;\"><span style=\"color: #ffffff;\">FORMULER<\/span><\/h2><span class=\"awb-title-spacer\"><\/span><div class=\"title-sep-container title-sep-container-right\"><div class=\"title-sep sep-double sep-solid\" style=\"border-color:#ffff4d;\"><\/div><\/div><\/div><div class=\"fusion-image-element fusion-image-align-center in-legacy-container\" style=\"text-align:center;--awb-caption-title-font-family:var(--h2_typography-font-family);--awb-caption-title-font-weight:var(--h2_typography-font-weight);--awb-caption-title-font-style:var(--h2_typography-font-style);--awb-caption-title-size:var(--h2_typography-font-size);--awb-caption-title-transform:var(--h2_typography-text-transform);--awb-caption-title-line-height:var(--h2_typography-line-height);--awb-caption-title-letter-spacing:var(--h2_typography-letter-spacing);\"><div class=\"imageframe-align-center\"><span class=\" fusion-imageframe imageframe-dropshadow imageframe-2 hover-type-none\" style=\"border:2px solid #ffff4d;-webkit-box-shadow: 3px 3px 7px rgba(255,255,255,0.3);box-shadow: 3px 3px 7px rgba(255,255,255,0.3);\"><img decoding=\"async\" width=\"500\" height=\"500\" title=\"formuler z8\" src=\"https:\/\/tagsdeals.com\/wp-content\/uploads\/2019\/02\/formuler-z8-1.jpg\" alt class=\"img-responsive wp-image-6004\" srcset=\"https:\/\/tagsdeals.com\/wp-content\/uploads\/2019\/02\/formuler-z8-1-200x200.jpg 200w, https:\/\/tagsdeals.com\/wp-content\/uploads\/2019\/02\/formuler-z8-1-400x400.jpg 400w, https:\/\/tagsdeals.com\/wp-content\/uploads\/2019\/02\/formuler-z8-1.jpg 500w\" sizes=\"(max-width: 800px) 100vw, 200px\" \/><\/span><\/div><\/div><div class=\"fusion-clearfix\"><\/div><\/div><\/div><div class=\"fusion-layout-column fusion_builder_column fusion-builder-column-3 fusion_builder_column_1_5 1_5 fusion-one-fifth\" style=\"--awb-bg-size:cover;width:20%;width:calc(20% - ( ( 4% + 4% + 4% + 4% ) * 0.2 ) );margin-right: 4%;\"><div class=\"fusion-column-wrapper fusion-flex-column-wrapper-legacy\"><div class=\"fusion-title title fusion-title-4 fusion-title-center fusion-title-text fusion-title-size-two\" style=\"--awb-sep-color:#ffff4d;\"><div class=\"title-sep-container title-sep-container-left\"><div class=\"title-sep sep-double sep-solid\" style=\"border-color:#ffff4d;\"><\/div><\/div><span class=\"awb-title-spacer\"><\/span><h2 class=\"fusion-title-heading title-heading-center\" style=\"margin:0;\"><span style=\"color: #ffffff;\">BUZZTV<\/span><\/h2><span class=\"awb-title-spacer\"><\/span><div class=\"title-sep-container title-sep-container-right\"><div class=\"title-sep sep-double sep-solid\" style=\"border-color:#ffff4d;\"><\/div><\/div><\/div><div class=\"fusion-image-element fusion-image-align-center in-legacy-container\" style=\"text-align:center;--awb-caption-title-font-family:var(--h2_typography-font-family);--awb-caption-title-font-weight:var(--h2_typography-font-weight);--awb-caption-title-font-style:var(--h2_typography-font-style);--awb-caption-title-size:var(--h2_typography-font-size);--awb-caption-title-transform:var(--h2_typography-text-transform);--awb-caption-title-line-height:var(--h2_typography-line-height);--awb-caption-title-letter-spacing:var(--h2_typography-letter-spacing);\"><div class=\"imageframe-align-center\"><span class=\" fusion-imageframe imageframe-dropshadow imageframe-3 hover-type-none\" style=\"border:2px solid #ffff4d;-webkit-box-shadow: 3px 3px 7px rgba(255,255,255,0.3);box-shadow: 3px 3px 7px rgba(255,255,255,0.3);\"><img decoding=\"async\" width=\"2560\" height=\"2560\" title=\"Buzztv 7\" src=\"https:\/\/tagsdeals.com\/wp-content\/uploads\/2019\/12\/Buzztv-7-scaled.jpg\" alt class=\"img-responsive wp-image-11072\" srcset=\"https:\/\/tagsdeals.com\/wp-content\/uploads\/2019\/12\/Buzztv-7-200x200.jpg 200w, https:\/\/tagsdeals.com\/wp-content\/uploads\/2019\/12\/Buzztv-7-400x400.jpg 400w, https:\/\/tagsdeals.com\/wp-content\/uploads\/2019\/12\/Buzztv-7-600x600.jpg 600w, https:\/\/tagsdeals.com\/wp-content\/uploads\/2019\/12\/Buzztv-7-800x800.jpg 800w, https:\/\/tagsdeals.com\/wp-content\/uploads\/2019\/12\/Buzztv-7-1200x1200.jpg 1200w, https:\/\/tagsdeals.com\/wp-content\/uploads\/2019\/12\/Buzztv-7-scaled.jpg 2560w\" sizes=\"(max-width: 800px) 100vw, 2560px\" \/><\/span><\/div><\/div><div class=\"fusion-clearfix\"><\/div><\/div><\/div><div class=\"fusion-layout-column fusion_builder_column fusion-builder-column-4 fusion_builder_column_1_5 1_5 fusion-one-fifth\" style=\"--awb-bg-size:cover;width:20%;width:calc(20% - ( ( 4% + 4% + 4% + 4% ) * 0.2 ) );margin-right: 4%;\"><div class=\"fusion-column-wrapper fusion-flex-column-wrapper-legacy\"><div class=\"fusion-title title fusion-title-5 fusion-title-center fusion-title-text fusion-title-size-two\" style=\"--awb-sep-color:#ffff4d;\"><div class=\"title-sep-container title-sep-container-left\"><div class=\"title-sep sep-double sep-solid\" style=\"border-color:#ffff4d;\"><\/div><\/div><span class=\"awb-title-spacer\"><\/span><h2 class=\"fusion-title-heading title-heading-center\" style=\"margin:0;\">STB EMULATOR<\/h2><span class=\"awb-title-spacer\"><\/span><div class=\"title-sep-container title-sep-container-right\"><div class=\"title-sep sep-double sep-solid\" style=\"border-color:#ffff4d;\"><\/div><\/div><\/div><div class=\"fusion-image-element fusion-image-align-center in-legacy-container\" style=\"text-align:center;--awb-caption-title-font-family:var(--h2_typography-font-family);--awb-caption-title-font-weight:var(--h2_typography-font-weight);--awb-caption-title-font-style:var(--h2_typography-font-style);--awb-caption-title-size:var(--h2_typography-font-size);--awb-caption-title-transform:var(--h2_typography-text-transform);--awb-caption-title-line-height:var(--h2_typography-line-height);--awb-caption-title-letter-spacing:var(--h2_typography-letter-spacing);\"><div class=\"imageframe-align-center\"><span class=\" fusion-imageframe imageframe-dropshadow imageframe-4 hover-type-none\" style=\"border:2px solid #ffff4d;-webkit-box-shadow: 3px 3px 7px rgba(255,255,255,0.3);box-shadow: 3px 3px 7px rgba(255,255,255,0.3);\"><img decoding=\"async\" width=\"300\" height=\"300\" title=\"STBemulator blanc\" src=\"https:\/\/tagsdeals.com\/wp-content\/uploads\/2019\/02\/STBemulator-blanc.png\" alt class=\"img-responsive wp-image-12890\" srcset=\"https:\/\/tagsdeals.com\/wp-content\/uploads\/2019\/02\/STBemulator-blanc-200x200.png 200w, https:\/\/tagsdeals.com\/wp-content\/uploads\/2019\/02\/STBemulator-blanc.png 300w\" sizes=\"(max-width: 800px) 100vw, 200px\" \/><\/span><\/div><\/div><div class=\"fusion-clearfix\"><\/div><\/div><\/div><div class=\"fusion-layout-column fusion_builder_column fusion-builder-column-5 fusion_builder_column_1_5 1_5 fusion-one-fifth fusion-column-last\" style=\"--awb-bg-size:cover;width:20%;width:calc(20% - ( ( 4% + 4% + 4% + 4% ) * 0.2 ) );\"><div class=\"fusion-column-wrapper fusion-flex-column-wrapper-legacy\"><div class=\"fusion-title title fusion-title-6 fusion-title-center fusion-title-text fusion-title-size-two\" style=\"--awb-sep-color:#ffff4d;\"><div class=\"title-sep-container title-sep-container-left\"><div class=\"title-sep sep-double sep-solid\" style=\"border-color:#ffff4d;\"><\/div><\/div><span class=\"awb-title-spacer\"><\/span><h2 class=\"fusion-title-heading title-heading-center\" style=\"margin:0;\"><span style=\"color: #ffffff;\">MAG<\/span><\/h2><span class=\"awb-title-spacer\"><\/span><div class=\"title-sep-container title-sep-container-right\"><div class=\"title-sep sep-double sep-solid\" style=\"border-color:#ffff4d;\"><\/div><\/div><\/div><div class=\"fusion-image-element fusion-image-align-center in-legacy-container\" style=\"text-align:center;--awb-caption-title-font-family:var(--h2_typography-font-family);--awb-caption-title-font-weight:var(--h2_typography-font-weight);--awb-caption-title-font-style:var(--h2_typography-font-style);--awb-caption-title-size:var(--h2_typography-font-size);--awb-caption-title-transform:var(--h2_typography-text-transform);--awb-caption-title-line-height:var(--h2_typography-line-height);--awb-caption-title-letter-spacing:var(--h2_typography-letter-spacing);\"><div class=\"imageframe-align-center\"><span class=\" fusion-imageframe imageframe-dropshadow imageframe-5 hover-type-none\" style=\"border:2px solid #ffff4d;-webkit-box-shadow: 3px 3px 7px rgba(255,255,255,0.3);box-shadow: 3px 3px 7px rgba(255,255,255,0.3);\"><img decoding=\"async\" width=\"300\" height=\"300\" title=\"mag-322\" src=\"https:\/\/tagsdeals.com\/wp-content\/uploads\/2018\/01\/mag-322-300x300.jpg\" alt class=\"img-responsive wp-image-1200\" srcset=\"https:\/\/tagsdeals.com\/wp-content\/uploads\/2018\/01\/mag-322-200x200.jpg 200w, https:\/\/tagsdeals.com\/wp-content\/uploads\/2018\/01\/mag-322-400x400.jpg 400w, https:\/\/tagsdeals.com\/wp-content\/uploads\/2018\/01\/mag-322.jpg 500w\" sizes=\"(max-width: 800px) 100vw, 200px\" \/><\/span><\/div><\/div><div class=\"fusion-clearfix\"><\/div><\/div><\/div><\/div><\/div><\/p>\n","protected":false},"excerpt":{"rendered":"<h3>OK3 est un serveur de haute qualit\u00e9 et l&rsquo;image est ultra HD. Actuellement le meilleur rapport qualit\u00e9 prix avec un grand \u00e9ventail de chaines de toutes les langues!<\/h3>\n<h3>Vous trouverez toutes les chaines que vous d\u00e9sirez, plus de 2400 chaines HD en Francais, Anglais, Espagnols, Chinois, Italiens, Turkish, Balkans, Filipino, Portuguese, Israel, Afghan, Grecque, Punjabi, African, Ha\u00eftien class\u00e9s par langues.<\/h3>\n<h3>Le serveur OK3 offre un bon choix de cha\u00eenes de sports tel que les Bein sports, Espn, TSN, NHL, NFL, NBA, UFC, et plus encore!<\/h3>\n<div class=\"fusion-aligncenter\"><a class=\"fusion-button button-flat button-large button-default fusion-button-default button-1 fusion-button-default-span fusion-button-default-type\" style=\"--button-border-radius-top-left:25px;--button-border-radius-top-right:25px;--button-border-radius-bottom-right:25px;--button-border-radius-bottom-left:25px;\" target=\"_self\" href=\"https:\/\/tagsdeals.com\/chaines-ok3\/\"><i class=\" fa fa-align-justify button-icon-left\" aria-hidden=\"true\"><\/i><span class=\"fusion-button-text\">Cha\u00eenes OK3<\/span><\/a><\/div>\n<ul style=\"--awb-size:13px;--awb-iconcolor:#ffff4d;--awb-line-height:22.1px;--awb-icon-width:22.1px;--awb-icon-height:22.1px;--awb-icon-margin:9.1px;--awb-content-margin:31.2px;\" class=\"fusion-checklist fusion-checklist-1 fusion-checklist-default type-icons\"><li class=\"fusion-li-item\" style=\"\"><span class=\"icon-wrapper circle-no\"><i class=\"fusion-li-icon fa fa-check\" aria-hidden=\"true\"><\/i><\/span><div class=\"fusion-li-item-content\"><\/p>\n<h3>Chaines HD!<\/h3>\n<p><\/div><\/li><li class=\"fusion-li-item\" style=\"\"><span class=\"icon-wrapper circle-no\"><i class=\"fusion-li-icon fa fa-check\" aria-hidden=\"true\"><\/i><\/span><div class=\"fusion-li-item-content\"><\/p>\n<h3>Un vaste choix de Films et s\u00e9ries en anglais (VSD) gratuit!<\/h3>\n<p><\/div><\/li><li class=\"fusion-li-item\" style=\"\"><span class=\"icon-wrapper circle-no\"><i class=\"fusion-li-icon fa fa-check\" aria-hidden=\"true\"><\/i><\/span><div class=\"fusion-li-item-content\"><\/p>\n<h3>Pay-per-view!<\/h3>\n<p><\/div><\/li><\/ul>\n<p><strong>*** Tous les achats de serveurs sont vente finale une fois activ\u00e9s et ne sont pas remboursables. ***<\/strong><\/p>\n","protected":false},"featured_media":3406,"template":"","meta":[],"product_cat":[25],"product_tag":[47],"class_list":{"0":"post-3400","1":"product","2":"type-product","3":"status-publish","4":"has-post-thumbnail","6":"product_cat-iptv","7":"product_tag-ok3","9":"first","10":"instock","11":"featured","12":"shipping-taxable","13":"purchasable","14":"product-type-variable","15":"has-default-attributes"},"yoast_head":"<!-- This site is optimized with the Yoast SEO plugin v21.7 - https:\/\/yoast.com\/wordpress\/plugins\/seo\/ -->\n<title>OK3 - TAGSDEALS<\/title>\n<meta name=\"robots\" content=\"index, follow, max-snippet:-1, max-image-preview:large, max-video-preview:-1\" \/>\n<link rel=\"canonical\" href=\"https:\/\/tagsdeals.com\/homepage\/product\/ok3\/\" \/>\n<meta property=\"og:locale\" content=\"fr_FR\" \/>\n<meta property=\"og:type\" content=\"article\" \/>\n<meta property=\"og:title\" content=\"OK3 - TAGSDEALS\" \/>\n<meta property=\"og:description\" content=\"OK3 est un serveur de haute qualit\u00e9 et l&#039;image est ultra HD. Actuellement le meilleur rapport qualit\u00e9 prix avec un grand \u00e9ventail de chaines de toutes les langues! Vous trouverez toutes les chaines que vous d\u00e9sirez, plus de 2400 chaines HD en Francais, Anglais, Espagnols, Chinois, Italiens, Turkish, Balkans, Filipino, Portuguese, Israel, Afghan, Grecque, Punjabi, African, Ha\u00eftien class\u00e9s par langues. Le serveur OK3 offre un bon choix de cha\u00eenes de sports tel que les Bein sports, Espn, TSN, NHL, NFL, NBA, UFC, et plus encore!     *** Tous les achats de serveurs sont vente finale une fois activ\u00e9s et ne sont pas remboursables. ***\" \/>\n<meta property=\"og:url\" content=\"https:\/\/tagsdeals.com\/homepage\/product\/ok3\/\" \/>\n<meta property=\"og:site_name\" content=\"TAGSDEALS\" \/>\n<meta property=\"article:modified_time\" content=\"2024-06-06T17:22:04+00:00\" \/>\n<meta property=\"og:image\" content=\"https:\/\/tagsdeals.com\/wp-content\/uploads\/2018\/09\/OK3.png\" \/>\n\t<meta property=\"og:image:width\" content=\"300\" \/>\n\t<meta property=\"og:image:height\" content=\"300\" \/>\n\t<meta property=\"og:image:type\" content=\"image\/png\" \/>\n<meta name=\"twitter:card\" content=\"summary_large_image\" \/>\n<meta name=\"twitter:label1\" content=\"Dur\u00e9e de lecture estim\u00e9e\" \/>\n\t<meta name=\"twitter:data1\" content=\"2 minutes\" \/>\n<script type=\"application\/ld+json\" class=\"yoast-schema-graph\">{\"@context\":\"https:\/\/schema.org\",\"@graph\":[{\"@type\":\"WebPage\",\"@id\":\"https:\/\/tagsdeals.com\/homepage\/product\/ok3\/\",\"url\":\"https:\/\/tagsdeals.com\/homepage\/product\/ok3\/\",\"name\":\"OK3 - TAGSDEALS\",\"isPartOf\":{\"@id\":\"https:\/\/tagsdeals.com\/homepage\/#website\"},\"datePublished\":\"2019-02-16T19:41:12+00:00\",\"dateModified\":\"2024-06-06T17:22:04+00:00\",\"breadcrumb\":{\"@id\":\"https:\/\/tagsdeals.com\/homepage\/product\/ok3\/#breadcrumb\"},\"inLanguage\":\"fr-FR\",\"potentialAction\":[{\"@type\":\"ReadAction\",\"target\":[\"https:\/\/tagsdeals.com\/homepage\/product\/ok3\/\"]}]},{\"@type\":\"BreadcrumbList\",\"@id\":\"https:\/\/tagsdeals.com\/homepage\/product\/ok3\/#breadcrumb\",\"itemListElement\":[{\"@type\":\"ListItem\",\"position\":1,\"name\":\"Accueil\",\"item\":\"https:\/\/tagsdeals.com\/homepage\/\"},{\"@type\":\"ListItem\",\"position\":2,\"name\":\"Shop\",\"item\":\"https:\/\/tagsdeals.com\/homepage\/shop\/\"},{\"@type\":\"ListItem\",\"position\":3,\"name\":\"OK3\"}]},{\"@type\":\"WebSite\",\"@id\":\"https:\/\/tagsdeals.com\/homepage\/#website\",\"url\":\"https:\/\/tagsdeals.com\/homepage\/\",\"name\":\"TAGSDEALS\",\"description\":\"TAGS DEALS\",\"publisher\":{\"@id\":\"https:\/\/tagsdeals.com\/homepage\/#organization\"},\"potentialAction\":[{\"@type\":\"SearchAction\",\"target\":{\"@type\":\"EntryPoint\",\"urlTemplate\":\"https:\/\/tagsdeals.com\/homepage\/?s={search_term_string}\"},\"query-input\":\"required name=search_term_string\"}],\"inLanguage\":\"fr-FR\"},{\"@type\":\"Organization\",\"@id\":\"https:\/\/tagsdeals.com\/homepage\/#organization\",\"name\":\"TAGSDEALS\",\"url\":\"https:\/\/tagsdeals.com\/homepage\/\",\"logo\":{\"@type\":\"ImageObject\",\"inLanguage\":\"fr-FR\",\"@id\":\"https:\/\/tagsdeals.com\/homepage\/#\/schema\/logo\/image\/\",\"url\":\"https:\/\/tagsdeals.com\/wp-content\/uploads\/2020\/02\/diablo.jpg\",\"contentUrl\":\"https:\/\/tagsdeals.com\/wp-content\/uploads\/2020\/02\/diablo.jpg\",\"width\":500,\"height\":500,\"caption\":\"TAGSDEALS\"},\"image\":{\"@id\":\"https:\/\/tagsdeals.com\/homepage\/#\/schema\/logo\/image\/\"}}]}<\/script>\n<!-- \/ Yoast SEO plugin. -->","yoast_head_json":{"title":"OK3 - TAGSDEALS","robots":{"index":"index","follow":"follow","max-snippet":"max-snippet:-1","max-image-preview":"max-image-preview:large","max-video-preview":"max-video-preview:-1"},"canonical":"https:\/\/tagsdeals.com\/homepage\/product\/ok3\/","og_locale":"fr_FR","og_type":"article","og_title":"OK3 - TAGSDEALS","og_description":"OK3 est un serveur de haute qualit\u00e9 et l'image est ultra HD. Actuellement le meilleur rapport qualit\u00e9 prix avec un grand \u00e9ventail de chaines de toutes les langues! Vous trouverez toutes les chaines que vous d\u00e9sirez, plus de 2400 chaines HD en Francais, Anglais, Espagnols, Chinois, Italiens, Turkish, Balkans, Filipino, Portuguese, Israel, Afghan, Grecque, Punjabi, African, Ha\u00eftien class\u00e9s par langues. Le serveur OK3 offre un bon choix de cha\u00eenes de sports tel que les Bein sports, Espn, TSN, NHL, NFL, NBA, UFC, et plus encore!     *** Tous les achats de serveurs sont vente finale une fois activ\u00e9s et ne sont pas remboursables. ***","og_url":"https:\/\/tagsdeals.com\/homepage\/product\/ok3\/","og_site_name":"TAGSDEALS","article_modified_time":"2024-06-06T17:22:04+00:00","og_image":[{"width":300,"height":300,"url":"https:\/\/tagsdeals.com\/wp-content\/uploads\/2018\/09\/OK3.png","type":"image\/png"}],"twitter_card":"summary_large_image","twitter_misc":{"Dur\u00e9e de lecture estim\u00e9e":"2 minutes"},"schema":{"@context":"https:\/\/schema.org","@graph":[{"@type":"WebPage","@id":"https:\/\/tagsdeals.com\/homepage\/product\/ok3\/","url":"https:\/\/tagsdeals.com\/homepage\/product\/ok3\/","name":"OK3 - TAGSDEALS","isPartOf":{"@id":"https:\/\/tagsdeals.com\/homepage\/#website"},"datePublished":"2019-02-16T19:41:12+00:00","dateModified":"2024-06-06T17:22:04+00:00","breadcrumb":{"@id":"https:\/\/tagsdeals.com\/homepage\/product\/ok3\/#breadcrumb"},"inLanguage":"fr-FR","potentialAction":[{"@type":"ReadAction","target":["https:\/\/tagsdeals.com\/homepage\/product\/ok3\/"]}]},{"@type":"BreadcrumbList","@id":"https:\/\/tagsdeals.com\/homepage\/product\/ok3\/#breadcrumb","itemListElement":[{"@type":"ListItem","position":1,"name":"Accueil","item":"https:\/\/tagsdeals.com\/homepage\/"},{"@type":"ListItem","position":2,"name":"Shop","item":"https:\/\/tagsdeals.com\/homepage\/shop\/"},{"@type":"ListItem","position":3,"name":"OK3"}]},{"@type":"WebSite","@id":"https:\/\/tagsdeals.com\/homepage\/#website","url":"https:\/\/tagsdeals.com\/homepage\/","name":"TAGSDEALS","description":"TAGS DEALS","publisher":{"@id":"https:\/\/tagsdeals.com\/homepage\/#organization"},"potentialAction":[{"@type":"SearchAction","target":{"@type":"EntryPoint","urlTemplate":"https:\/\/tagsdeals.com\/homepage\/?s={search_term_string}"},"query-input":"required name=search_term_string"}],"inLanguage":"fr-FR"},{"@type":"Organization","@id":"https:\/\/tagsdeals.com\/homepage\/#organization","name":"TAGSDEALS","url":"https:\/\/tagsdeals.com\/homepage\/","logo":{"@type":"ImageObject","inLanguage":"fr-FR","@id":"https:\/\/tagsdeals.com\/homepage\/#\/schema\/logo\/image\/","url":"https:\/\/tagsdeals.com\/wp-content\/uploads\/2020\/02\/diablo.jpg","contentUrl":"https:\/\/tagsdeals.com\/wp-content\/uploads\/2020\/02\/diablo.jpg","width":500,"height":500,"caption":"TAGSDEALS"},"image":{"@id":"https:\/\/tagsdeals.com\/homepage\/#\/schema\/logo\/image\/"}}]}},"_links":{"self":[{"href":"https:\/\/tagsdeals.com\/homepage\/wp-json\/wp\/v2\/product\/3400","targetHints":{"allow":["GET"]}}],"collection":[{"href":"https:\/\/tagsdeals.com\/homepage\/wp-json\/wp\/v2\/product"}],"about":[{"href":"https:\/\/tagsdeals.com\/homepage\/wp-json\/wp\/v2\/types\/product"}],"wp:featuredmedia":[{"embeddable":true,"href":"https:\/\/tagsdeals.com\/homepage\/wp-json\/wp\/v2\/media\/3406"}],"wp:attachment":[{"href":"https:\/\/tagsdeals.com\/homepage\/wp-json\/wp\/v2\/media?parent=3400"}],"wp:term":[{"taxonomy":"product_cat","embeddable":true,"href":"https:\/\/tagsdeals.com\/homepage\/wp-json\/wp\/v2\/product_cat?post=3400"},{"taxonomy":"product_tag","embeddable":true,"href":"https:\/\/tagsdeals.com\/homepage\/wp-json\/wp\/v2\/product_tag?post=3400"}],"curies":[{"name":"wp","href":"https:\/\/api.w.org\/{rel}","templated":true}]}}