{"id":7451,"date":"2019-04-30T14:25:39","date_gmt":"2019-04-30T18:25:39","guid":{"rendered":"https:\/\/tagsdeals.com\/?post_type=product&#038;p=7451"},"modified":"2024-06-06T13:18:35","modified_gmt":"2024-06-06T17:18:35","slug":"dreamlink-t3","status":"publish","type":"product","link":"https:\/\/tagsdeals.com\/homepage\/product\/dreamlink-t3\/","title":{"rendered":"Formuler Z11 pro MAX"},"content":{"rendered":"<div class=\"fusion-fullwidth fullwidth-box fusion-builder-row-1 nonhundred-percent-fullwidth non-hundred-percent-height-scrolling\" style=\"--awb-border-radius-top-left:0px;--awb-border-radius-top-right:0px;--awb-border-radius-bottom-right:0px;--awb-border-radius-bottom-left:0px;--awb-flex-wrap:wrap;\" ><div class=\"fusion-builder-row fusion-row\"><\/div><\/div>\n","protected":false},"excerpt":{"rendered":"<section class=\"Jgs2b9\">\n<div class=\"WAZqE7 QfrfFD cell\">\n<section class=\"mIlVIq\" data-hook=\"description-wrapper\">\n<div class=\"QKOt7f\">\n<div class=\"ZXXP8H\" data-hook=\"content-wrapper\">\n<p><b>Formuler\u00a0 Z11 Pro Max<\/b><\/p>\n<p>Android 11 | AOMedia Video 1 | Level 1 | 4GB RAM | 32GB Storage | 6e Generation AX Wireless | Gigabit Ethernet | 4k 60fps HDR10+ | BT1 remote<\/p>\n<p>&nbsp;<\/p>\n<p><strong>Le bo\u00eetier le plus rapide et le plus avanc\u00e9 \u00e0 ce jour.\u00a0<\/strong>Vivez l\u2019exp\u00e9rience \u00e0 son apog\u00e9e et profitez aussi des jeux sur votre t\u00e9l\u00e9viseur comme jamais auparavant avec le syst\u00e8me d\u2019exploitation Android 11 et la connectivit\u00e9 sans fil AX de 6e g\u00e9n\u00e9ration.<\/p>\n<p>&nbsp;<\/p>\n<p>La nouvelle\u00a0refonte moderne\u00a0de l\u2019interface utilisateur offre aux utilisateurs de MYTVOnline3 avec une interface plus intuitive et exp\u00e9rience visuelle immersive sur grand \u00e9cran.<\/p>\n<\/div>\n<\/div>\n<\/section>\n<\/div>\n<\/section>\n<section class=\"Jgs2b9\">\n<div class=\"jqw1mt QfrfFD cell\">\n<div dir=\"ltr\">\n<ul class=\"YInLPU\" data-hook=\"collapse-info-section\">\n<li class=\"KHWbzo undefined\" data-hook=\"collapse-info-item\">\n<h2 class=\"sFFmR2l ovIAf_6---typography-11-runningText ovIAf_6---priority-7-primary _HOcyB x4nptw sxbtulv\" aria-hidden=\"false\" data-hook=\"info-section-title\">Autres infos<\/h2>\n<div class=\"aecizt QfrfFD cell\"><\/div>\n<div class=\"rah-static rah-static--height-auto\" aria-hidden=\"false\">\n<div class=\"ulKuLk QfrfFD cell\">\n<div class=\"zp8uy2\" data-hook=\"info-section-description\">\n<p>Video decoder : 4K@60fps, AV1, H.265(HEVC), AVS, H.264(AVC, MVC), Real, MPEG1\/2\/4, VC-1<br \/>\nAudio decoder : MPEG-1 Layer 1,2,3(2-CH), MPEG-2 Layer 1,2, HE AAC V1\/V2<br \/>\nDRM : Widevine L1, L3<\/p>\n<p>Dimensions<\/p>\n<p>Length: 105mm<\/p>\n<p>Width: 105mm<\/p>\n<p>Thickness: 21mm<\/p>\n<p>Color: Black<\/p>\n<p>Ports<\/p>\n<p>Power Input : 1<br \/>\nUSB3.0 : 1<br \/>\nUSB2.0 : 1<br \/>\nHDMI : 1<br \/>\nGigabit LAN : 1<\/p>\n<p>Micro SD Card : 1<\/p>\n<\/div>\n<p><strong>*** Tous achats qui sont effectu\u00e9s sur le site sont vent\u00e9s finale ***<\/strong><\/p>\n<\/div>\n<\/div>\n<\/li>\n<\/ul>\n<\/div>\n<\/div>\n<\/section>\n","protected":false},"featured_media":27276,"template":"","meta":[],"product_cat":[26],"product_tag":[],"class_list":{"0":"post-7451","1":"product","2":"type-product","3":"status-publish","4":"has-post-thumbnail","6":"product_cat-tvbox","8":"first","9":"instock","10":"shipping-taxable","11":"purchasable","12":"product-type-simple"},"yoast_head":"<!-- This site is optimized with the Yoast SEO plugin v21.7 - https:\/\/yoast.com\/wordpress\/plugins\/seo\/ -->\n<title>Formuler Z11 pro MAX - TAGSDEALS<\/title>\n<meta name=\"robots\" content=\"index, follow, max-snippet:-1, max-image-preview:large, max-video-preview:-1\" \/>\n<link rel=\"canonical\" href=\"https:\/\/tagsdeals.com\/homepage\/product\/dreamlink-t3\/\" \/>\n<meta property=\"og:locale\" content=\"fr_FR\" \/>\n<meta property=\"og:type\" content=\"article\" \/>\n<meta property=\"og:title\" content=\"Formuler Z11 pro MAX - TAGSDEALS\" \/>\n<meta property=\"og:description\" content=\"Formuler\u00a0 Z11 Pro Max  Android 11 | AOMedia Video 1 | Level 1 | 4GB RAM | 32GB Storage | 6e Generation AX Wireless | Gigabit Ethernet | 4k 60fps HDR10+ | BT1 remote  &nbsp;  Le bo\u00eetier le plus rapide et le plus avanc\u00e9 \u00e0 ce jour.\u00a0Vivez l\u2019exp\u00e9rience \u00e0 son apog\u00e9e et profitez aussi des jeux sur votre t\u00e9l\u00e9viseur comme jamais auparavant avec le syst\u00e8me d\u2019exploitation Android 11 et la connectivit\u00e9 sans fil AX de 6e g\u00e9n\u00e9ration.  &nbsp;  La nouvelle\u00a0refonte moderne\u00a0de l\u2019interface utilisateur offre aux utilisateurs de MYTVOnline3 avec une interface plus intuitive et exp\u00e9rience visuelle immersive sur grand \u00e9cran.           Autres infos      Video decoder : 4K@60fps, AV1, H.265(HEVC), AVS, H.264(AVC, MVC), Real, MPEG1\/2\/4, VC-1 Audio decoder : MPEG-1 Layer 1,2,3(2-CH), MPEG-2 Layer 1,2, HE AAC V1\/V2 DRM : Widevine L1, L3  Dimensions  Length: 105mm  Width: 105mm  Thickness: 21mm  Color: Black  Ports  Power Input : 1 USB3.0 : 1 USB2.0 : 1 HDMI : 1 Gigabit LAN : 1  Micro SD Card : 1   *** Tous achats qui sont effectu\u00e9s sur le site sont vent\u00e9s finale ***\" \/>\n<meta property=\"og:url\" content=\"https:\/\/tagsdeals.com\/homepage\/product\/dreamlink-t3\/\" \/>\n<meta property=\"og:site_name\" content=\"TAGSDEALS\" \/>\n<meta property=\"article:modified_time\" content=\"2024-06-06T17:18:35+00:00\" \/>\n<meta property=\"og:image\" content=\"https:\/\/tagsdeals.com\/wp-content\/uploads\/2019\/04\/z11promax.jpg\" \/>\n\t<meta property=\"og:image:width\" content=\"1200\" \/>\n\t<meta property=\"og:image:height\" content=\"1200\" \/>\n\t<meta property=\"og:image:type\" content=\"image\/jpeg\" \/>\n<meta name=\"twitter:card\" content=\"summary_large_image\" \/>\n<meta name=\"twitter:label1\" content=\"Dur\u00e9e de lecture estim\u00e9e\" \/>\n\t<meta name=\"twitter:data1\" content=\"1 minute\" \/>\n<script type=\"application\/ld+json\" class=\"yoast-schema-graph\">{\"@context\":\"https:\/\/schema.org\",\"@graph\":[{\"@type\":\"WebPage\",\"@id\":\"https:\/\/tagsdeals.com\/homepage\/product\/dreamlink-t3\/\",\"url\":\"https:\/\/tagsdeals.com\/homepage\/product\/dreamlink-t3\/\",\"name\":\"Formuler Z11 pro MAX - TAGSDEALS\",\"isPartOf\":{\"@id\":\"https:\/\/tagsdeals.com\/homepage\/#website\"},\"datePublished\":\"2019-04-30T18:25:39+00:00\",\"dateModified\":\"2024-06-06T17:18:35+00:00\",\"breadcrumb\":{\"@id\":\"https:\/\/tagsdeals.com\/homepage\/product\/dreamlink-t3\/#breadcrumb\"},\"inLanguage\":\"fr-FR\",\"potentialAction\":[{\"@type\":\"ReadAction\",\"target\":[\"https:\/\/tagsdeals.com\/homepage\/product\/dreamlink-t3\/\"]}]},{\"@type\":\"BreadcrumbList\",\"@id\":\"https:\/\/tagsdeals.com\/homepage\/product\/dreamlink-t3\/#breadcrumb\",\"itemListElement\":[{\"@type\":\"ListItem\",\"position\":1,\"name\":\"Accueil\",\"item\":\"https:\/\/tagsdeals.com\/homepage\/\"},{\"@type\":\"ListItem\",\"position\":2,\"name\":\"Shop\",\"item\":\"https:\/\/tagsdeals.com\/homepage\/shop\/\"},{\"@type\":\"ListItem\",\"position\":3,\"name\":\"Formuler Z11 pro MAX\"}]},{\"@type\":\"WebSite\",\"@id\":\"https:\/\/tagsdeals.com\/homepage\/#website\",\"url\":\"https:\/\/tagsdeals.com\/homepage\/\",\"name\":\"TAGSDEALS\",\"description\":\"TAGS DEALS\",\"publisher\":{\"@id\":\"https:\/\/tagsdeals.com\/homepage\/#organization\"},\"potentialAction\":[{\"@type\":\"SearchAction\",\"target\":{\"@type\":\"EntryPoint\",\"urlTemplate\":\"https:\/\/tagsdeals.com\/homepage\/?s={search_term_string}\"},\"query-input\":\"required name=search_term_string\"}],\"inLanguage\":\"fr-FR\"},{\"@type\":\"Organization\",\"@id\":\"https:\/\/tagsdeals.com\/homepage\/#organization\",\"name\":\"TAGSDEALS\",\"url\":\"https:\/\/tagsdeals.com\/homepage\/\",\"logo\":{\"@type\":\"ImageObject\",\"inLanguage\":\"fr-FR\",\"@id\":\"https:\/\/tagsdeals.com\/homepage\/#\/schema\/logo\/image\/\",\"url\":\"https:\/\/tagsdeals.com\/wp-content\/uploads\/2020\/02\/diablo.jpg\",\"contentUrl\":\"https:\/\/tagsdeals.com\/wp-content\/uploads\/2020\/02\/diablo.jpg\",\"width\":500,\"height\":500,\"caption\":\"TAGSDEALS\"},\"image\":{\"@id\":\"https:\/\/tagsdeals.com\/homepage\/#\/schema\/logo\/image\/\"}}]}<\/script>\n<!-- \/ Yoast SEO plugin. -->","yoast_head_json":{"title":"Formuler Z11 pro MAX - TAGSDEALS","robots":{"index":"index","follow":"follow","max-snippet":"max-snippet:-1","max-image-preview":"max-image-preview:large","max-video-preview":"max-video-preview:-1"},"canonical":"https:\/\/tagsdeals.com\/homepage\/product\/dreamlink-t3\/","og_locale":"fr_FR","og_type":"article","og_title":"Formuler Z11 pro MAX - TAGSDEALS","og_description":"Formuler\u00a0 Z11 Pro Max  Android 11 | AOMedia Video 1 | Level 1 | 4GB RAM | 32GB Storage | 6e Generation AX Wireless | Gigabit Ethernet | 4k 60fps HDR10+ | BT1 remote  &nbsp;  Le bo\u00eetier le plus rapide et le plus avanc\u00e9 \u00e0 ce jour.\u00a0Vivez l\u2019exp\u00e9rience \u00e0 son apog\u00e9e et profitez aussi des jeux sur votre t\u00e9l\u00e9viseur comme jamais auparavant avec le syst\u00e8me d\u2019exploitation Android 11 et la connectivit\u00e9 sans fil AX de 6e g\u00e9n\u00e9ration.  &nbsp;  La nouvelle\u00a0refonte moderne\u00a0de l\u2019interface utilisateur offre aux utilisateurs de MYTVOnline3 avec une interface plus intuitive et exp\u00e9rience visuelle immersive sur grand \u00e9cran.           Autres infos      Video decoder : 4K@60fps, AV1, H.265(HEVC), AVS, H.264(AVC, MVC), Real, MPEG1\/2\/4, VC-1 Audio decoder : MPEG-1 Layer 1,2,3(2-CH), MPEG-2 Layer 1,2, HE AAC V1\/V2 DRM : Widevine L1, L3  Dimensions  Length: 105mm  Width: 105mm  Thickness: 21mm  Color: Black  Ports  Power Input : 1 USB3.0 : 1 USB2.0 : 1 HDMI : 1 Gigabit LAN : 1  Micro SD Card : 1   *** Tous achats qui sont effectu\u00e9s sur le site sont vent\u00e9s finale ***","og_url":"https:\/\/tagsdeals.com\/homepage\/product\/dreamlink-t3\/","og_site_name":"TAGSDEALS","article_modified_time":"2024-06-06T17:18:35+00:00","og_image":[{"width":1200,"height":1200,"url":"https:\/\/tagsdeals.com\/wp-content\/uploads\/2019\/04\/z11promax.jpg","type":"image\/jpeg"}],"twitter_card":"summary_large_image","twitter_misc":{"Dur\u00e9e de lecture estim\u00e9e":"1 minute"},"schema":{"@context":"https:\/\/schema.org","@graph":[{"@type":"WebPage","@id":"https:\/\/tagsdeals.com\/homepage\/product\/dreamlink-t3\/","url":"https:\/\/tagsdeals.com\/homepage\/product\/dreamlink-t3\/","name":"Formuler Z11 pro MAX - TAGSDEALS","isPartOf":{"@id":"https:\/\/tagsdeals.com\/homepage\/#website"},"datePublished":"2019-04-30T18:25:39+00:00","dateModified":"2024-06-06T17:18:35+00:00","breadcrumb":{"@id":"https:\/\/tagsdeals.com\/homepage\/product\/dreamlink-t3\/#breadcrumb"},"inLanguage":"fr-FR","potentialAction":[{"@type":"ReadAction","target":["https:\/\/tagsdeals.com\/homepage\/product\/dreamlink-t3\/"]}]},{"@type":"BreadcrumbList","@id":"https:\/\/tagsdeals.com\/homepage\/product\/dreamlink-t3\/#breadcrumb","itemListElement":[{"@type":"ListItem","position":1,"name":"Accueil","item":"https:\/\/tagsdeals.com\/homepage\/"},{"@type":"ListItem","position":2,"name":"Shop","item":"https:\/\/tagsdeals.com\/homepage\/shop\/"},{"@type":"ListItem","position":3,"name":"Formuler Z11 pro MAX"}]},{"@type":"WebSite","@id":"https:\/\/tagsdeals.com\/homepage\/#website","url":"https:\/\/tagsdeals.com\/homepage\/","name":"TAGSDEALS","description":"TAGS DEALS","publisher":{"@id":"https:\/\/tagsdeals.com\/homepage\/#organization"},"potentialAction":[{"@type":"SearchAction","target":{"@type":"EntryPoint","urlTemplate":"https:\/\/tagsdeals.com\/homepage\/?s={search_term_string}"},"query-input":"required name=search_term_string"}],"inLanguage":"fr-FR"},{"@type":"Organization","@id":"https:\/\/tagsdeals.com\/homepage\/#organization","name":"TAGSDEALS","url":"https:\/\/tagsdeals.com\/homepage\/","logo":{"@type":"ImageObject","inLanguage":"fr-FR","@id":"https:\/\/tagsdeals.com\/homepage\/#\/schema\/logo\/image\/","url":"https:\/\/tagsdeals.com\/wp-content\/uploads\/2020\/02\/diablo.jpg","contentUrl":"https:\/\/tagsdeals.com\/wp-content\/uploads\/2020\/02\/diablo.jpg","width":500,"height":500,"caption":"TAGSDEALS"},"image":{"@id":"https:\/\/tagsdeals.com\/homepage\/#\/schema\/logo\/image\/"}}]}},"_links":{"self":[{"href":"https:\/\/tagsdeals.com\/homepage\/wp-json\/wp\/v2\/product\/7451","targetHints":{"allow":["GET"]}}],"collection":[{"href":"https:\/\/tagsdeals.com\/homepage\/wp-json\/wp\/v2\/product"}],"about":[{"href":"https:\/\/tagsdeals.com\/homepage\/wp-json\/wp\/v2\/types\/product"}],"wp:featuredmedia":[{"embeddable":true,"href":"https:\/\/tagsdeals.com\/homepage\/wp-json\/wp\/v2\/media\/27276"}],"wp:attachment":[{"href":"https:\/\/tagsdeals.com\/homepage\/wp-json\/wp\/v2\/media?parent=7451"}],"wp:term":[{"taxonomy":"product_cat","embeddable":true,"href":"https:\/\/tagsdeals.com\/homepage\/wp-json\/wp\/v2\/product_cat?post=7451"},{"taxonomy":"product_tag","embeddable":true,"href":"https:\/\/tagsdeals.com\/homepage\/wp-json\/wp\/v2\/product_tag?post=7451"}],"curies":[{"name":"wp","href":"https:\/\/api.w.org\/{rel}","templated":true}]}}